{"id":3083,"date":"2025-02-23T17:13:23","date_gmt":"2025-02-23T17:13:23","guid":{"rendered":"https:\/\/www.weidmannfibertechnology.com\/our-story\/our-team\/"},"modified":"2026-02-20T11:07:54","modified_gmt":"2026-02-20T11:07:54","slug":"unser-team","status":"publish","type":"page","link":"https:\/\/www.weidmannfibertechnology.com\/de\/unsere-geschichte\/unser-team\/","title":{"rendered":"Unser Team"},"content":{"rendered":"\n\n<div class=\"small-hero \">\n\n            <img decoding=\"async\" class=\"small-hero-image\"\n             src=\"https:\/\/www.weidmannfibertechnology.com\/wp-content\/uploads\/sites\/4\/2025\/03\/image-142-scaled.avif\"\n             alt=\"\"\n             style=\"object-position: % %; object-fit: cover;\">\n        <div class=\"small-hero-wrapper\">\n                            \n\n<h1 class=\"wp-block-cite-wordpress-theme-heading has-mb-spacing-24 has-md-font-size has-weidmann-white-base-color has-text-color has-link-color wp-elements-abf55ee98256afc981c2cfcfea92c4ae\" id=\"our-team\"><strong>Unser Team<\/strong><\/h1>\n\n\n                    <\/div>\n\n    \n<\/div>\n\n\n\n    <div class=\"sub-navigation is-overlapped\">\n        <ul class=\"sub-navigation-menu\">\n                            <li class=\"sub-navigation-menu-item \">\n                                            <a href=\"https:\/\/www.weidmannfibertechnology.com\/de\/unsere-geschichte\/karriere\/\">\n                            Karriere                        <\/a>\n                                    <\/li>\n                            <li class=\"sub-navigation-menu-item \">\n                                            <a href=\"https:\/\/www.weidmannfibertechnology.com\/de\/unsere-geschichte\/unsere-standorte\/\">\n                            Unsere Standorte                        <\/a>\n                                    <\/li>\n                            <li class=\"sub-navigation-menu-item current-page-item\">\n                                            <a href=\"https:\/\/www.weidmannfibertechnology.com\/de\/unsere-geschichte\/unser-team\/\">\n                            <span>Unser Team<\/span>\n                        <\/a>\n                                    <\/li>\n                            <li class=\"sub-navigation-menu-item \">\n                                            <a href=\"https:\/\/www.weidmannfibertechnology.com\/de\/unsere-geschichte\/partnerschaft-mit-weidmann\/\">\n                            Partnerschaft mit Weidmann                        <\/a>\n                                    <\/li>\n                            <li class=\"sub-navigation-menu-item \">\n                                            <a href=\"https:\/\/www.weidmannfibertechnology.com\/de\/unsere-geschichte\/nachhaltigkeit\/\">\n                            Nachhaltigkeit                        <\/a>\n                                    <\/li>\n                    <\/ul>\n    <\/div>\n\n\n\n<section class=\"wp-block-cite-wordpress-theme-section has-overlapping-decoration-none has-0-padding-y-top has-0-padding-y-bottom\"><div class=\"theme-section-inner container\"><div class=\"yoast-breadcrumbs\"><span><a href=\"https:\/\/www.weidmannfibertechnology.com\/de\/\"><svg xmlns=\"http:\/\/www.w3.org\/2000\/svg\" width=\"11\" height=\"10\" viewBox=\"0 0 11 10\" fill=\"none\">\n<path d=\"M10.9971 4.98926C10.9971 5.34075 10.7106 5.61609 10.3859 5.61609H9.77459L9.78797 8.74439C9.78797 8.79711 9.78415 8.84983 9.77841 8.90256V9.2189C9.77841 9.65046 9.43649 10 9.01433 10H8.70869C8.68768 10 8.66667 10 8.64565 9.99805C8.61891 10 8.59217 10 8.56542 10L7.9446 9.99805H7.48615C7.06399 9.99805 6.72206 9.64851 6.72206 9.21695V7.49854C6.72206 7.1529 6.4489 6.87366 6.11079 6.87366H4.88825C4.55014 6.87366 4.27698 7.1529 4.27698 7.49854V9.21695C4.27698 9.64851 3.93505 9.99805 3.51289 9.99805H2.44508C2.41643 9.99805 2.38777 9.99609 2.35912 9.99414C2.3362 9.99609 2.31328 9.99805 2.29035 9.99805H1.98472C1.56256 9.99805 1.22063 9.64851 1.22063 9.21695V7.02988C1.22063 7.0123 1.22063 6.99278 1.22254 6.9752V5.61414H0.61127C0.267431 5.61414 0 5.34075 0 4.98731C0 4.81156 0.0573066 4.65534 0.191022 4.51865L5.08692 0.156219C5.22063 0.0195274 5.37345 0 5.50716 0C5.64088 0 5.7937 0.0390549 5.90831 0.136692L10.787 4.5206C10.9398 4.65729 11.0162 4.81351 10.9971 4.98926Z\" fill=\"#DF3011\"\/>\n<\/svg><\/a> > <span><a href=\"https:\/\/www.weidmannfibertechnology.com\/de\/our-story\/\">Unsere Geschichte<\/a><\/span> > <span class=\"breadcrumb_last\" aria-current=\"page\">Unser Team<\/span><\/span><\/div><\/div><div class=\"theme-section-background theme-section-background-type-image\" style=\"background-image:url(&quot;https:\/\/www.weidmannfibertechnology.com\/wp-content\/uploads\/sites\/4\/2025\/03\/bg-main-AdobeStock_285630545-tiny-scaled.jpg&quot;)\" role=\"presentation\"><\/div><\/section>\n\n\n\n<section class=\"wp-block-cite-wordpress-theme-section heading-text-pattern has-overlapping-decoration-none has-7-padding-y-top has-4-padding-y-bottom\"><div class=\"theme-section-inner container\">\n<h2 class=\"wp-block-cite-wordpress-theme-heading has-mb-sm has-md-font-size\" id=\"forward-thinking-foundation\">Zukunftsorientierte Grundlage<\/h2>\n\n\n\n<p class=\"has-text-align-left\">Bei Weidmann Fiber Technology steht unser F\u00fchrungsteam f\u00fcr eine Unternehmenskultur, die Neugier f\u00f6rdert, sowie auch das aktive Erkunden neuer M\u00f6glichkeiten, das mutige Infragestellen des Status quo und das Entwickeln innovativer L\u00f6sungen f\u00fcr globale Herausforderungen. <br>Mit einem klaren Werteverst\u00e4ndnis und dem Fokus auf langfristige Partnerschaften geben sie dem Unternehmen Orientierung. Sie inspirieren dazu, neue Wege zu gehen, Exzellenz in allen Bereichen anzustreben und gemeinsame Erfolge zu feiern.  <\/p>\n<\/div><div class=\"theme-section-background theme-section-background-type-image\" style=\"background-image:url(&quot;https:\/\/www.weidmannfibertechnology.com\/wp-content\/uploads\/sites\/4\/2025\/03\/bg-main-AdobeStock_285630545-tiny-scaled.jpg&quot;)\" role=\"presentation\"><\/div><\/section>\n\n\n\n<section class=\"wp-block-cite-wordpress-theme-section has-light-blue-base-background-color has-background has-overlapping-decoration-none has-4-padding-y-top has-4-padding-y-bottom\"><div class=\"theme-section-inner container\">\n<div class=\"wp-block-columns is-layout-flex wp-container-core-columns-is-layout-9d6595d7 wp-block-columns-is-layout-flex\">\n<div class=\"wp-block-column is-layout-flow wp-block-column-is-layout-flow\">\n\n    <ul class=\"leadership-cards-grid\">\n                    <li class=\"leadership-card\">\n                <figure>\n                    <img decoding=\"async\" src=\"https:\/\/www.weidmannfibertechnology.com\/wp-content\/uploads\/sites\/4\/2026\/01\/Oliver-Bailer-scaled-e1767972026470.jpg\"\n                         alt=\"\">\n                <\/figure>\n                <div class=\"leadership-card-body\">\n                                            <h2 class=\"leadership-card-name\">Oliver Bailer<\/h2>\n                                                                <div class=\"leadership-card-text\">\n                            <div class=\"leadership-card-text\">\n<p>Head of Fiber Technology (ad interim)<\/p>\n<\/div>\n                        <\/div>\n                                                                                            <div class=\"wp-block-weidmann-link-container\">\n                                <div class=\"wp-block-weidmann-link primary\">\n                                    <a href=\"https:\/\/www.linkedin.com\/in\/oliverbailer\/\"\n                                       target=\"_blank\"\n                                       class=\"wp-block-link-target\">LinkedIn<\/a>\n                                    <svg width=\"26\" height=\"16\" viewBox=\"0 0 26 16\" fill=\"none\"\n                                         xmlns=\"http:\/\/www.w3.org\/2000\/svg\">\n                                        <path d=\"M1 7C0.447715 7 4.82823e-08 7.44772 0 8C-4.82823e-08 8.55228 0.447715 9 1 9L1 7ZM25.7071 8.70711C26.0976 8.31658 26.0976 7.68342 25.7071 7.2929L19.3431 0.928934C18.9526 0.538409 18.3195 0.538409 17.9289 0.928934C17.5384 1.31946 17.5384 1.95262 17.9289 2.34315L23.5858 8L17.9289 13.6569C17.5384 14.0474 17.5384 14.6805 17.9289 15.0711C18.3195 15.4616 18.9526 15.4616 19.3431 15.0711L25.7071 8.70711ZM1 9L25 9L25 7L1 7L1 9Z\"\n                                              fill=\"none\"\/>\n                                    <\/svg>\n                                <\/div>\n                            <\/div>\n                                                            <\/div>\n            <\/li>\n            <\/ul>\n<\/div>\n\n\n\n<div class=\"wp-block-column is-layout-flow wp-block-column-is-layout-flow\"><\/div>\n<\/div>\n<\/div><div class=\"theme-section-background theme-section-background-type-image\" style=\"background-image:url(&quot;https:\/\/www.weidmannfibertechnology.com\/wp-content\/uploads\/sites\/4\/2025\/03\/bg-main-AdobeStock_285630545-tiny-scaled.jpg&quot;)\" role=\"presentation\"><\/div><\/section>\n","protected":false},"excerpt":{"rendered":"","protected":false},"author":7,"featured_media":0,"parent":3073,"menu_order":0,"comment_status":"closed","ping_status":"closed","template":"","meta":{"_acf_changed":false,"footnotes":""},"class_list":["post-3083","page","type-page","status-publish","hentry"],"acf":[],"yoast_head":"<!-- This site is optimized with the Yoast SEO plugin v27.5 - https:\/\/yoast.com\/product\/yoast-seo-wordpress\/ -->\n<title>Unser Team - Weidmann Fiber Technology<\/title>\n<meta name=\"robots\" content=\"index, follow, max-snippet:-1, max-image-preview:large, max-video-preview:-1\" \/>\n<link rel=\"canonical\" href=\"https:\/\/www.weidmannfibertechnology.com\/de\/unsere-geschichte\/unser-team\/\" \/>\n<meta property=\"og:locale\" content=\"de_DE\" \/>\n<meta property=\"og:type\" content=\"article\" \/>\n<meta property=\"og:title\" content=\"Unser Team - Weidmann Fiber Technology\" \/>\n<meta property=\"og:url\" content=\"https:\/\/www.weidmannfibertechnology.com\/de\/unsere-geschichte\/unser-team\/\" \/>\n<meta property=\"og:site_name\" content=\"Weidmann Fiber Technology\" \/>\n<meta property=\"article:modified_time\" content=\"2026-02-20T11:07:54+00:00\" \/>\n<meta name=\"twitter:card\" content=\"summary_large_image\" \/>\n<meta name=\"twitter:label1\" content=\"Est. reading time\" \/>\n\t<meta name=\"twitter:data1\" content=\"1 Minute\" \/>\n<script type=\"application\/ld+json\" class=\"yoast-schema-graph\">{\"@context\":\"https:\\\/\\\/schema.org\",\"@graph\":[{\"@type\":\"WebPage\",\"@id\":\"https:\\\/\\\/www.weidmannfibertechnology.com\\\/de\\\/unsere-geschichte\\\/unser-team\\\/\",\"url\":\"https:\\\/\\\/www.weidmannfibertechnology.com\\\/de\\\/unsere-geschichte\\\/unser-team\\\/\",\"name\":\"Unser Team - Weidmann Fiber Technology\",\"isPartOf\":{\"@id\":\"https:\\\/\\\/www.weidmannfibertechnology.com\\\/de\\\/#website\"},\"datePublished\":\"2025-02-23T17:13:23+00:00\",\"dateModified\":\"2026-02-20T11:07:54+00:00\",\"breadcrumb\":{\"@id\":\"https:\\\/\\\/www.weidmannfibertechnology.com\\\/de\\\/unsere-geschichte\\\/unser-team\\\/#breadcrumb\"},\"inLanguage\":\"de-DE\",\"potentialAction\":[{\"@type\":\"ReadAction\",\"target\":[\"https:\\\/\\\/www.weidmannfibertechnology.com\\\/de\\\/unsere-geschichte\\\/unser-team\\\/\"]}]},{\"@type\":\"BreadcrumbList\",\"@id\":\"https:\\\/\\\/www.weidmannfibertechnology.com\\\/de\\\/unsere-geschichte\\\/unser-team\\\/#breadcrumb\",\"itemListElement\":[{\"@type\":\"ListItem\",\"position\":1,\"name\":\"Home\",\"item\":\"https:\\\/\\\/www.weidmannfibertechnology.com\\\/de\\\/\"},{\"@type\":\"ListItem\",\"position\":2,\"name\":\"Unsere Geschichte\",\"item\":\"https:\\\/\\\/www.weidmannfibertechnology.com\\\/de\\\/our-story\\\/\"},{\"@type\":\"ListItem\",\"position\":3,\"name\":\"Unser Team\"}]},{\"@type\":\"WebSite\",\"@id\":\"https:\\\/\\\/www.weidmannfibertechnology.com\\\/de\\\/#website\",\"url\":\"https:\\\/\\\/www.weidmannfibertechnology.com\\\/de\\\/\",\"name\":\"Weidmann Fiber Technology\",\"description\":\"\",\"potentialAction\":[{\"@type\":\"SearchAction\",\"target\":{\"@type\":\"EntryPoint\",\"urlTemplate\":\"https:\\\/\\\/www.weidmannfibertechnology.com\\\/de\\\/?s={search_term_string}\"},\"query-input\":{\"@type\":\"PropertyValueSpecification\",\"valueRequired\":true,\"valueName\":\"search_term_string\"}}],\"inLanguage\":\"de-DE\"}]}<\/script>\n<!-- \/ Yoast SEO plugin. -->","yoast_head_json":{"title":"Unser Team - Weidmann Fiber Technology","robots":{"index":"index","follow":"follow","max-snippet":"max-snippet:-1","max-image-preview":"max-image-preview:large","max-video-preview":"max-video-preview:-1"},"canonical":"https:\/\/www.weidmannfibertechnology.com\/de\/unsere-geschichte\/unser-team\/","og_locale":"de_DE","og_type":"article","og_title":"Unser Team - Weidmann Fiber Technology","og_url":"https:\/\/www.weidmannfibertechnology.com\/de\/unsere-geschichte\/unser-team\/","og_site_name":"Weidmann Fiber Technology","article_modified_time":"2026-02-20T11:07:54+00:00","twitter_card":"summary_large_image","twitter_misc":{"Est. reading time":"1 Minute"},"schema":{"@context":"https:\/\/schema.org","@graph":[{"@type":"WebPage","@id":"https:\/\/www.weidmannfibertechnology.com\/de\/unsere-geschichte\/unser-team\/","url":"https:\/\/www.weidmannfibertechnology.com\/de\/unsere-geschichte\/unser-team\/","name":"Unser Team - Weidmann Fiber Technology","isPartOf":{"@id":"https:\/\/www.weidmannfibertechnology.com\/de\/#website"},"datePublished":"2025-02-23T17:13:23+00:00","dateModified":"2026-02-20T11:07:54+00:00","breadcrumb":{"@id":"https:\/\/www.weidmannfibertechnology.com\/de\/unsere-geschichte\/unser-team\/#breadcrumb"},"inLanguage":"de-DE","potentialAction":[{"@type":"ReadAction","target":["https:\/\/www.weidmannfibertechnology.com\/de\/unsere-geschichte\/unser-team\/"]}]},{"@type":"BreadcrumbList","@id":"https:\/\/www.weidmannfibertechnology.com\/de\/unsere-geschichte\/unser-team\/#breadcrumb","itemListElement":[{"@type":"ListItem","position":1,"name":"Home","item":"https:\/\/www.weidmannfibertechnology.com\/de\/"},{"@type":"ListItem","position":2,"name":"Unsere Geschichte","item":"https:\/\/www.weidmannfibertechnology.com\/de\/our-story\/"},{"@type":"ListItem","position":3,"name":"Unser Team"}]},{"@type":"WebSite","@id":"https:\/\/www.weidmannfibertechnology.com\/de\/#website","url":"https:\/\/www.weidmannfibertechnology.com\/de\/","name":"Weidmann Fiber Technology","description":"","potentialAction":[{"@type":"SearchAction","target":{"@type":"EntryPoint","urlTemplate":"https:\/\/www.weidmannfibertechnology.com\/de\/?s={search_term_string}"},"query-input":{"@type":"PropertyValueSpecification","valueRequired":true,"valueName":"search_term_string"}}],"inLanguage":"de-DE"}]}},"_links":{"self":[{"href":"https:\/\/www.weidmannfibertechnology.com\/de\/wp-json\/wp\/v2\/pages\/3083","targetHints":{"allow":["GET"]}}],"collection":[{"href":"https:\/\/www.weidmannfibertechnology.com\/de\/wp-json\/wp\/v2\/pages"}],"about":[{"href":"https:\/\/www.weidmannfibertechnology.com\/de\/wp-json\/wp\/v2\/types\/page"}],"author":[{"embeddable":true,"href":"https:\/\/www.weidmannfibertechnology.com\/de\/wp-json\/wp\/v2\/users\/7"}],"replies":[{"embeddable":true,"href":"https:\/\/www.weidmannfibertechnology.com\/de\/wp-json\/wp\/v2\/comments?post=3083"}],"version-history":[{"count":0,"href":"https:\/\/www.weidmannfibertechnology.com\/de\/wp-json\/wp\/v2\/pages\/3083\/revisions"}],"up":[{"embeddable":true,"href":"https:\/\/www.weidmannfibertechnology.com\/de\/wp-json\/wp\/v2\/pages\/3073"}],"wp:attachment":[{"href":"https:\/\/www.weidmannfibertechnology.com\/de\/wp-json\/wp\/v2\/media?parent=3083"}],"curies":[{"name":"wp","href":"https:\/\/api.w.org\/{rel}","templated":true}]}}