{"id":3085,"date":"2025-02-23T17:14:14","date_gmt":"2025-02-23T17:14:14","guid":{"rendered":"https:\/\/www.weidmannfibertechnology.com\/our-story\/partnering-with-weidmann\/"},"modified":"2026-05-11T11:13:57","modified_gmt":"2026-05-11T11:13:57","slug":"partnerschaft-mit-weidmann","status":"publish","type":"page","link":"https:\/\/www.weidmannfibertechnology.com\/de\/unsere-geschichte\/partnerschaft-mit-weidmann\/","title":{"rendered":"Partnerschaft mit Weidmann"},"content":{"rendered":"\n\n<div class=\"small-hero \">\n\n            <img decoding=\"async\" class=\"small-hero-image\"\n             src=\"https:\/\/www.weidmannfibertechnology.com\/wp-content\/uploads\/sites\/4\/2025\/03\/image-142-scaled.avif\"\n             alt=\"\"\n             style=\"object-position: % %; object-fit: cover;\">\n        <div class=\"small-hero-wrapper\">\n                            \n\n<h1 class=\"wp-block-cite-wordpress-theme-heading has-mb-spacing-24 has-md-font-size has-weidmann-white-base-color has-text-color has-link-color wp-elements-67beb6c5dfed1524b0ac312dbcaca709\" id=\"partnering-with-weidmann\"><strong>Partnerschaft<\/strong> <strong>mit Weidmann<\/strong><\/h1>\n\n\n\n<p class=\"has-weidmann-white-base-color has-text-color has-link-color wp-elements-18bba2f7064db1c0b8cd8fbca29ef174\"><strong>Unsere Expertise braucht Ihre Vision. <br\/>In enger Zusammenarbeit mit unseren Partnern entwickeln wir innovative Cellulosefaser-L\u00f6sungen, die die Welt nachhaltig ver\u00e4ndern. <\/strong><\/p>\n\n\n                    <\/div>\n\n    \n<\/div>\n\n    <div class=\"sub-navigation is-overlapped\">\n        <ul class=\"sub-navigation-menu\">\n                            <li class=\"sub-navigation-menu-item \">\n                                            <a href=\"https:\/\/www.weidmannfibertechnology.com\/de\/unsere-geschichte\/karriere\/\">\n                            Karriere                        <\/a>\n                                    <\/li>\n                            <li class=\"sub-navigation-menu-item \">\n                                            <a href=\"https:\/\/www.weidmannfibertechnology.com\/de\/unsere-geschichte\/unsere-standorte\/\">\n                            Unsere Standorte                        <\/a>\n                                    <\/li>\n                            <li class=\"sub-navigation-menu-item \">\n                                            <a href=\"https:\/\/www.weidmannfibertechnology.com\/de\/unsere-geschichte\/unser-team\/\">\n                            Unser Team                        <\/a>\n                                    <\/li>\n                            <li class=\"sub-navigation-menu-item current-page-item\">\n                                            <a href=\"https:\/\/www.weidmannfibertechnology.com\/de\/unsere-geschichte\/partnerschaft-mit-weidmann\/\">\n                            <span>Partnerschaft mit Weidmann<\/span>\n                        <\/a>\n                                    <\/li>\n                            <li class=\"sub-navigation-menu-item \">\n                                            <a href=\"https:\/\/www.weidmannfibertechnology.com\/de\/unsere-geschichte\/nachhaltigkeit\/\">\n                            Nachhaltigkeit                        <\/a>\n                                    <\/li>\n                    <\/ul>\n    <\/div>\n\n<section class=\"wp-block-cite-wordpress-theme-section has-overlapping-decoration-none has-0-padding-y-top has-0-padding-y-bottom\"><div class=\"theme-section-inner container\"><div class=\"yoast-breadcrumbs\"><span><a href=\"https:\/\/www.weidmannfibertechnology.com\/de\/\"><svg xmlns=\"http:\/\/www.w3.org\/2000\/svg\" width=\"11\" height=\"10\" viewBox=\"0 0 11 10\" fill=\"none\">\n<path d=\"M10.9971 4.98926C10.9971 5.34075 10.7106 5.61609 10.3859 5.61609H9.77459L9.78797 8.74439C9.78797 8.79711 9.78415 8.84983 9.77841 8.90256V9.2189C9.77841 9.65046 9.43649 10 9.01433 10H8.70869C8.68768 10 8.66667 10 8.64565 9.99805C8.61891 10 8.59217 10 8.56542 10L7.9446 9.99805H7.48615C7.06399 9.99805 6.72206 9.64851 6.72206 9.21695V7.49854C6.72206 7.1529 6.4489 6.87366 6.11079 6.87366H4.88825C4.55014 6.87366 4.27698 7.1529 4.27698 7.49854V9.21695C4.27698 9.64851 3.93505 9.99805 3.51289 9.99805H2.44508C2.41643 9.99805 2.38777 9.99609 2.35912 9.99414C2.3362 9.99609 2.31328 9.99805 2.29035 9.99805H1.98472C1.56256 9.99805 1.22063 9.64851 1.22063 9.21695V7.02988C1.22063 7.0123 1.22063 6.99278 1.22254 6.9752V5.61414H0.61127C0.267431 5.61414 0 5.34075 0 4.98731C0 4.81156 0.0573066 4.65534 0.191022 4.51865L5.08692 0.156219C5.22063 0.0195274 5.37345 0 5.50716 0C5.64088 0 5.7937 0.0390549 5.90831 0.136692L10.787 4.5206C10.9398 4.65729 11.0162 4.81351 10.9971 4.98926Z\" fill=\"#DF3011\"\/>\n<\/svg><\/a> > <span><a href=\"https:\/\/www.weidmannfibertechnology.com\/de\/our-story\/\">Unsere Geschichte<\/a><\/span> > <span class=\"breadcrumb_last\" aria-current=\"page\">Partnerschaft mit Weidmann<\/span><\/span><\/div><\/div><div class=\"theme-section-background theme-section-background-type-image\" style=\"background-image:url(&quot;https:\/\/www.weidmannfibertechnology.com\/wp-content\/uploads\/sites\/4\/2025\/03\/bg-main-AdobeStock_285630545-tiny-scaled.jpg&quot;)\" role=\"presentation\"><\/div><\/section>\n\n<section class=\"wp-block-cite-wordpress-theme-section heading-text-pattern has-overlapping-decoration-none has-7-padding-y-top has-4-padding-y-bottom\"><div class=\"theme-section-inner container\">\n<h2 class=\"wp-block-cite-wordpress-theme-heading has-mb-sm has-md-font-size\" id=\"collaboration-unlocks-opportunities\">Zusammenarbeit schafft neue Chancen<\/h2>\n\n\n\n<p class=\"has-text-align-left\">Seit \u00fcber 100 Jahren setzen wir uns f\u00fcr Cellulose als Rohstoff der Zukunft ein. Heute bieten wir unseren Partnern fundierte Branchenexpertise und globale Ressourcen, um gemeinsam spannende neue M\u00f6glichkeiten zu realisieren. <\/p>\n\n\n\n<p class=\"has-text-align-left\">Wir glauben an echte Zusammenarbeit: sie ist zentral f\u00fcr unseren Erfolg. Gemeinsam mit unseren Partnern teilen wir Ziele, Ideen und Ressourcen, um neue Gesch\u00e4ftschancen zu schaffen und langfristig gemeinsam zu wachsen. Ob Hersteller, Forschungseinrichtungen oder Universit\u00e4ten, mit unseren Partnern bringen wir innovative, nachhaltige Produktideen zur Realit\u00e4t.  <\/p>\n<\/div><div class=\"theme-section-background theme-section-background-type-image\" style=\"background-image:url(&quot;https:\/\/www.weidmannfibertechnology.com\/wp-content\/uploads\/sites\/4\/2025\/03\/bg-main-AdobeStock_285630545-tiny-scaled.jpg&quot;)\" role=\"presentation\"><\/div><\/section>\n\n<section class=\"wp-block-cite-wordpress-theme-section has-overlapping-decoration-none has-4-padding-y-top has-4-padding-y-bottom\"><div class=\"theme-section-inner container\">\n<div class=\"wp-block-cite-wordpress-theme-alternating-columns\">\n<div class=\"wp-block-cite-wordpress-theme-alternating-column image-text has-image maplex-style-1\">\n\n    \n        <div class=\"column-media align-items-center justify-content-center\">\n                                            <img decoding=\"async\" src=\"https:\/\/www.weidmannfibertechnology.com\/wp-content\/uploads\/sites\/4\/2025\/04\/Group-Paper-and-Boards-Group-scaled.avif\" alt=\"\"\n                     style=\"object-position: 50% 50%;\">\n                    <\/div>\n\n    \n    <div class=\"column-content d-flex align-items-center justify-content-center\">\n        <div>\n            \n\n<h2 class=\"wp-block-cite-wordpress-theme-heading has-mb-none has-h3-font-size\" id=\"packaging\">Sch\u00f6ne und vielseitige Produkte<\/h2>\n\n\n\n<p>Unsere Produkte Celova und Maplex stehen f\u00fcr h\u00f6chste Qualit\u00e4t, vielf\u00e4ltige Einsatzm\u00f6glichkeiten und 100\u202f% Nachhaltigkeit.<\/p>\n\n        <\/div>\n    <\/div>\n\n<\/div>\n\n\n\n<div class=\"wp-block-cite-wordpress-theme-alternating-column image-text reverse has-image maplex-style-2\">\n\n    \n        <div class=\"column-media align-items-center justify-content-center\">\n                                            <img decoding=\"async\" src=\"https:\/\/www.weidmannfibertechnology.com\/wp-content\/uploads\/sites\/4\/2025\/04\/iStock-1390207591.avif\" alt=\"\"\n                     style=\"object-position: 50% 50%;\">\n                    <\/div>\n\n    \n    <div class=\"column-content d-flex align-items-center justify-content-center\">\n        <div>\n            \n\n<h2 class=\"wp-block-cite-wordpress-theme-heading has-mb-none has-h3-font-size\" id=\"packaging\">Produktentwicklung<\/h2>\n\n\n\n<p>Unser erfahrenes Forschungs- und Entwicklungsteam unterst\u00fctzt Sie in jeder Phase Ihres Projekts, von der ersten Idee bis zur finalen Umsetzung.<\/p>\n\n        <\/div>\n    <\/div>\n\n<\/div>\n\n\n\n<div class=\"wp-block-cite-wordpress-theme-alternating-column image-text has-image celova-style-1\">\n\n    \n        <div class=\"column-media align-items-center justify-content-center\">\n                                            <img decoding=\"async\" src=\"https:\/\/www.weidmannfibertechnology.com\/wp-content\/uploads\/sites\/4\/2025\/04\/iStock-1439919168.avif\" alt=\"\"\n                     style=\"object-position: 50% 50%;\">\n                    <\/div>\n\n    \n    <div class=\"column-content d-flex align-items-center justify-content-center\">\n        <div>\n            \n\n<h2 class=\"wp-block-cite-wordpress-theme-heading has-mb-none has-h3-font-size\" id=\"packaging\">Innovative L\u00f6sungen<\/h2>\n\n\n\n<p>Unsere Produkte sind in unterschiedlichen Sorten verf\u00fcgbar, um vielf\u00e4ltige Anforderungen zu erf\u00fcllen \u2013 und bieten gleichzeitig das Know-how und die Ressourcen, um neue M\u00f6glichkeiten zu entwickeln.<\/p>\n\n        <\/div>\n    <\/div>\n\n<\/div>\n\n\n\n<div class=\"wp-block-cite-wordpress-theme-alternating-column image-text reverse has-image celova-style-2\">\n\n    \n        <div class=\"column-media align-items-center justify-content-center\">\n                                            <img decoding=\"async\" src=\"https:\/\/www.weidmannfibertechnology.com\/wp-content\/uploads\/sites\/4\/2025\/03\/250213_3373_HOLLIS-TIF-30065292003_whychooseus_yourvisionourexpertise_1600x1200.avif\" alt=\"\"\n                     style=\"object-position: 50% 50%;\">\n                    <\/div>\n\n    \n    <div class=\"column-content d-flex align-items-center justify-content-center\">\n        <div>\n            \n\n<h2 class=\"wp-block-cite-wordpress-theme-heading has-mb-none has-h3-font-size\" id=\"packaging\">Unser Anspruch ist Qualit\u00e4t<\/h2>\n\n\n\n<p>Qualit\u00e4t, Pr\u00e4zision und Nachhaltigkeit stehen im Zentrum unseres Handelns mit dem stetigen Anspruch in jedem Aspekt unserer Arbeit nach Exzellenz zu streben.<\/p>\n\n        <\/div>\n    <\/div>\n\n<\/div>\n\n\n\n<div class=\"wp-block-cite-wordpress-theme-alternating-column image-text has-image maplex-style-1\">\n\n    \n        <div class=\"column-media align-items-center justify-content-center\">\n                                            <img decoding=\"async\" src=\"https:\/\/www.weidmannfibertechnology.com\/wp-content\/uploads\/sites\/4\/2025\/05\/iStock-956366756.avif\" alt=\"\"\n                     style=\"object-position: 50% 50%;\">\n                    <\/div>\n\n    \n    <div class=\"column-content d-flex align-items-center justify-content-center\">\n        <div>\n            \n\n<h2 class=\"wp-block-cite-wordpress-theme-heading has-mb-none has-h3-font-size\" id=\"packaging\">Circular Economy<\/h2>\n\n\n\n<p>Unsere Produkte sind so konzipiert, dass sie Abfall minimieren und durch Cellulose-Technologie eine nachhaltige Alternative zu konventionellen Materialien bieten.<\/p>\n\n        <\/div>\n    <\/div>\n\n<\/div>\n\n\n\n<div class=\"wp-block-cite-wordpress-theme-alternating-column image-text reverse has-image maplex-style-2\">\n\n    \n        <div class=\"column-media align-items-center justify-content-center\">\n                                            <img decoding=\"async\" src=\"https:\/\/www.weidmannfibertechnology.com\/wp-content\/uploads\/sites\/4\/2025\/04\/iStock-1434175406.avif\" alt=\"\"\n                     style=\"object-position: 50% 50%;\">\n                    <\/div>\n\n    \n    <div class=\"column-content d-flex align-items-center justify-content-center\">\n        <div>\n            \n\n<h2 class=\"wp-block-cite-wordpress-theme-heading has-mb-none has-h3-font-size\" id=\"packaging\">Nachhaltige Materialien<\/h2>\n\n\n\n<p>Weidmann Fiber Technology unterst\u00fctzt Unternehmen dabei, durch die Kraft der Cellulose nachhaltige L\u00f6sungen zu entwickeln.<\/p>\n\n        <\/div>\n    <\/div>\n\n<\/div>\n<\/div>\n<\/div><div class=\"theme-section-background theme-section-background-type-image\" style=\"background-image:url(&quot;https:\/\/www.weidmannfibertechnology.com\/wp-content\/uploads\/sites\/4\/2025\/03\/bg-main-AdobeStock_285630545-tiny-scaled.jpg&quot;)\" role=\"presentation\"><\/div><\/section>\n\n<section class=\"wp-cite-wordpress-theme-section cta-strip-section style-1\">\n    <div class=\"container theme-section-inner\">\n        <div class=\"cta-strip-wrapper\">\n            <div class=\"cta-strip-content\">\n                                    <h2 class=\"cta-strip-title\">Verlangt Ihre mutige Vision nach unserer Expertise? Lassen Sie uns gemeinsam etwas bewegen. <\/h2>\n                \n                <div class=\"cta-strip-cta-container\">\n                                            <div class=\"wp-block-weidmann-button-container\">\n                            <div class=\"wp-block-weidmann-button cta-strip-button primary\">\n                                <a href=\"https:\/\/www.weidmannfibertechnology.com\/de\/kontakt\/\"\n                                   target=\"\"\n                                   class=\"wp-block-button-link cta-strip-button-link\">Kontaktieren Sie uns<\/a>\n                            <\/div>\n                        <\/div>\n                                                        <\/div>\n            <\/div>\n        <\/div>\n    <\/div>\n<\/section>\n","protected":false},"excerpt":{"rendered":"","protected":false},"author":7,"featured_media":0,"parent":3073,"menu_order":0,"comment_status":"closed","ping_status":"closed","template":"","meta":{"_acf_changed":false,"footnotes":""},"class_list":["post-3085","page","type-page","status-publish","hentry"],"acf":[],"yoast_head":"<!-- This site is optimized with the Yoast SEO plugin v27.5 - https:\/\/yoast.com\/product\/yoast-seo-wordpress\/ -->\n<title>Partnerschaft mit Weidmann - Weidmann Fiber Technology<\/title>\n<meta name=\"robots\" content=\"index, follow, max-snippet:-1, max-image-preview:large, max-video-preview:-1\" \/>\n<link rel=\"canonical\" href=\"https:\/\/www.weidmannfibertechnology.com\/de\/unsere-geschichte\/partnerschaft-mit-weidmann\/\" \/>\n<meta property=\"og:locale\" content=\"de_DE\" \/>\n<meta property=\"og:type\" content=\"article\" \/>\n<meta property=\"og:title\" content=\"Partnerschaft mit Weidmann - Weidmann Fiber Technology\" \/>\n<meta property=\"og:url\" content=\"https:\/\/www.weidmannfibertechnology.com\/de\/unsere-geschichte\/partnerschaft-mit-weidmann\/\" \/>\n<meta property=\"og:site_name\" content=\"Weidmann Fiber Technology\" \/>\n<meta property=\"article:modified_time\" content=\"2026-05-11T11:13:57+00:00\" \/>\n<meta name=\"twitter:card\" content=\"summary_large_image\" \/>\n<meta name=\"twitter:label1\" content=\"Est. reading time\" \/>\n\t<meta name=\"twitter:data1\" content=\"1 Minute\" \/>\n<script type=\"application\/ld+json\" class=\"yoast-schema-graph\">{\"@context\":\"https:\\\/\\\/schema.org\",\"@graph\":[{\"@type\":\"WebPage\",\"@id\":\"https:\\\/\\\/www.weidmannfibertechnology.com\\\/de\\\/unsere-geschichte\\\/partnerschaft-mit-weidmann\\\/\",\"url\":\"https:\\\/\\\/www.weidmannfibertechnology.com\\\/de\\\/unsere-geschichte\\\/partnerschaft-mit-weidmann\\\/\",\"name\":\"Partnerschaft mit Weidmann - Weidmann Fiber Technology\",\"isPartOf\":{\"@id\":\"https:\\\/\\\/www.weidmannfibertechnology.com\\\/de\\\/#website\"},\"datePublished\":\"2025-02-23T17:14:14+00:00\",\"dateModified\":\"2026-05-11T11:13:57+00:00\",\"breadcrumb\":{\"@id\":\"https:\\\/\\\/www.weidmannfibertechnology.com\\\/de\\\/unsere-geschichte\\\/partnerschaft-mit-weidmann\\\/#breadcrumb\"},\"inLanguage\":\"de-DE\",\"potentialAction\":[{\"@type\":\"ReadAction\",\"target\":[\"https:\\\/\\\/www.weidmannfibertechnology.com\\\/de\\\/unsere-geschichte\\\/partnerschaft-mit-weidmann\\\/\"]}]},{\"@type\":\"BreadcrumbList\",\"@id\":\"https:\\\/\\\/www.weidmannfibertechnology.com\\\/de\\\/unsere-geschichte\\\/partnerschaft-mit-weidmann\\\/#breadcrumb\",\"itemListElement\":[{\"@type\":\"ListItem\",\"position\":1,\"name\":\"Home\",\"item\":\"https:\\\/\\\/www.weidmannfibertechnology.com\\\/de\\\/\"},{\"@type\":\"ListItem\",\"position\":2,\"name\":\"Unsere Geschichte\",\"item\":\"https:\\\/\\\/www.weidmannfibertechnology.com\\\/de\\\/our-story\\\/\"},{\"@type\":\"ListItem\",\"position\":3,\"name\":\"Partnerschaft mit Weidmann\"}]},{\"@type\":\"WebSite\",\"@id\":\"https:\\\/\\\/www.weidmannfibertechnology.com\\\/de\\\/#website\",\"url\":\"https:\\\/\\\/www.weidmannfibertechnology.com\\\/de\\\/\",\"name\":\"Weidmann Fiber Technology\",\"description\":\"\",\"potentialAction\":[{\"@type\":\"SearchAction\",\"target\":{\"@type\":\"EntryPoint\",\"urlTemplate\":\"https:\\\/\\\/www.weidmannfibertechnology.com\\\/de\\\/?s={search_term_string}\"},\"query-input\":{\"@type\":\"PropertyValueSpecification\",\"valueRequired\":true,\"valueName\":\"search_term_string\"}}],\"inLanguage\":\"de-DE\"}]}<\/script>\n<!-- \/ Yoast SEO plugin. -->","yoast_head_json":{"title":"Partnerschaft mit Weidmann - Weidmann Fiber Technology","robots":{"index":"index","follow":"follow","max-snippet":"max-snippet:-1","max-image-preview":"max-image-preview:large","max-video-preview":"max-video-preview:-1"},"canonical":"https:\/\/www.weidmannfibertechnology.com\/de\/unsere-geschichte\/partnerschaft-mit-weidmann\/","og_locale":"de_DE","og_type":"article","og_title":"Partnerschaft mit Weidmann - Weidmann Fiber Technology","og_url":"https:\/\/www.weidmannfibertechnology.com\/de\/unsere-geschichte\/partnerschaft-mit-weidmann\/","og_site_name":"Weidmann Fiber Technology","article_modified_time":"2026-05-11T11:13:57+00:00","twitter_card":"summary_large_image","twitter_misc":{"Est. reading time":"1 Minute"},"schema":{"@context":"https:\/\/schema.org","@graph":[{"@type":"WebPage","@id":"https:\/\/www.weidmannfibertechnology.com\/de\/unsere-geschichte\/partnerschaft-mit-weidmann\/","url":"https:\/\/www.weidmannfibertechnology.com\/de\/unsere-geschichte\/partnerschaft-mit-weidmann\/","name":"Partnerschaft mit Weidmann - Weidmann Fiber Technology","isPartOf":{"@id":"https:\/\/www.weidmannfibertechnology.com\/de\/#website"},"datePublished":"2025-02-23T17:14:14+00:00","dateModified":"2026-05-11T11:13:57+00:00","breadcrumb":{"@id":"https:\/\/www.weidmannfibertechnology.com\/de\/unsere-geschichte\/partnerschaft-mit-weidmann\/#breadcrumb"},"inLanguage":"de-DE","potentialAction":[{"@type":"ReadAction","target":["https:\/\/www.weidmannfibertechnology.com\/de\/unsere-geschichte\/partnerschaft-mit-weidmann\/"]}]},{"@type":"BreadcrumbList","@id":"https:\/\/www.weidmannfibertechnology.com\/de\/unsere-geschichte\/partnerschaft-mit-weidmann\/#breadcrumb","itemListElement":[{"@type":"ListItem","position":1,"name":"Home","item":"https:\/\/www.weidmannfibertechnology.com\/de\/"},{"@type":"ListItem","position":2,"name":"Unsere Geschichte","item":"https:\/\/www.weidmannfibertechnology.com\/de\/our-story\/"},{"@type":"ListItem","position":3,"name":"Partnerschaft mit Weidmann"}]},{"@type":"WebSite","@id":"https:\/\/www.weidmannfibertechnology.com\/de\/#website","url":"https:\/\/www.weidmannfibertechnology.com\/de\/","name":"Weidmann Fiber Technology","description":"","potentialAction":[{"@type":"SearchAction","target":{"@type":"EntryPoint","urlTemplate":"https:\/\/www.weidmannfibertechnology.com\/de\/?s={search_term_string}"},"query-input":{"@type":"PropertyValueSpecification","valueRequired":true,"valueName":"search_term_string"}}],"inLanguage":"de-DE"}]}},"_links":{"self":[{"href":"https:\/\/www.weidmannfibertechnology.com\/de\/wp-json\/wp\/v2\/pages\/3085","targetHints":{"allow":["GET"]}}],"collection":[{"href":"https:\/\/www.weidmannfibertechnology.com\/de\/wp-json\/wp\/v2\/pages"}],"about":[{"href":"https:\/\/www.weidmannfibertechnology.com\/de\/wp-json\/wp\/v2\/types\/page"}],"author":[{"embeddable":true,"href":"https:\/\/www.weidmannfibertechnology.com\/de\/wp-json\/wp\/v2\/users\/7"}],"replies":[{"embeddable":true,"href":"https:\/\/www.weidmannfibertechnology.com\/de\/wp-json\/wp\/v2\/comments?post=3085"}],"version-history":[{"count":1,"href":"https:\/\/www.weidmannfibertechnology.com\/de\/wp-json\/wp\/v2\/pages\/3085\/revisions"}],"predecessor-version":[{"id":4711,"href":"https:\/\/www.weidmannfibertechnology.com\/de\/wp-json\/wp\/v2\/pages\/3085\/revisions\/4711"}],"up":[{"embeddable":true,"href":"https:\/\/www.weidmannfibertechnology.com\/de\/wp-json\/wp\/v2\/pages\/3073"}],"wp:attachment":[{"href":"https:\/\/www.weidmannfibertechnology.com\/de\/wp-json\/wp\/v2\/media?parent=3085"}],"curies":[{"name":"wp","href":"https:\/\/api.w.org\/{rel}","templated":true}]}}